{"id":4344,"date":"2025-02-05T11:03:04","date_gmt":"2025-02-05T10:03:04","guid":{"rendered":"https:\/\/fastoriginal.eu\/?page_id=4344"},"modified":"2025-08-19T16:55:48","modified_gmt":"2025-08-19T14:55:48","slug":"iveco-daily","status":"publish","type":"page","link":"https:\/\/fastoriginal.eu\/ru\/lcv\/iveco-daily\/","title":{"rendered":"Iveco Daily"},"content":{"rendered":"<div data-elementor-type=\"wp-page\" data-elementor-id=\"4344\" class=\"elementor elementor-4344\" data-elementor-post-type=\"page\">\n\t\t\t\t<div class=\"elementor-element elementor-element-65e6ecb e-flex e-con-boxed e-con e-parent\" data-id=\"65e6ecb\" data-element_type=\"container\" data-e-type=\"container\">\n\t\t\t\t\t<div class=\"e-con-inner\">\n\t\t\t\t<div class=\"elementor-element elementor-element-c409be5 elementor-widget elementor-widget-heading\" data-id=\"c409be5\" data-element_type=\"widget\" data-e-type=\"widget\" data-widget_type=\"heading.default\">\n\t\t\t\t<div class=\"elementor-widget-container\">\n\t\t\t\t\t<h1 class=\"elementor-heading-title elementor-size-default\">Cz\u0119\u015bci zamienne do Iveco Daily<\/h1>\t\t\t\t<\/div>\n\t\t\t\t<\/div>\n\t\t\t\t\t<\/div>\n\t\t\t\t<\/div>\n\t\t\t\t<\/div>","protected":false},"excerpt":{"rendered":"<p>Cz\u0119\u015bci zamienne do Iveco Daily Cz\u0119\u015bci zamienne do Iveco Daily odgrywaj\u0105 kluczow\u0105 rol\u0119 w utrzymaniu sprawno\u015bci i niezawodno\u015bci tego popularnego samochodu dostawczego. Model cieszy si\u0119 du\u017cym uznaniem w Europie, a oferta firmy FAST wyr\u00f3\u017cnia si\u0119 szerokim asortymentem element\u00f3w do r\u00f3\u017cnych podzespo\u0142\u00f3w. Dzi\u0119ki do\u015bwiadczeniu w pozyskiwaniu komponent\u00f3w oraz znajomo\u015bci potrzeb pojazdu jeste\u015bmy w stanie dostarczy\u0107 wysokiej [&hellip;]<\/p>\n","protected":false},"author":1,"featured_media":0,"parent":4342,"menu_order":0,"comment_status":"closed","ping_status":"closed","template":"","meta":{"_acf_changed":false,"site-sidebar-layout":"no-sidebar","site-content-layout":"page-builder","ast-site-content-layout":"full-width-container","site-content-style":"default","site-sidebar-style":"default","ast-global-header-display":"","ast-banner-title-visibility":"","ast-main-header-display":"","ast-hfb-above-header-display":"","ast-hfb-below-header-display":"","ast-hfb-mobile-header-display":"","site-post-title":"","ast-breadcrumbs-content":"","ast-featured-img":"disabled","footer-sml-layout":"","theme-transparent-header-meta":"","adv-header-id-meta":"","stick-header-meta":"","header-above-stick-meta":"","header-main-stick-meta":"","header-below-stick-meta":"","astra-migrate-meta-layouts":"set","ast-page-background-enabled":"default","ast-page-background-meta":{"desktop":{"background-color":"var(--ast-global-color-4)","background-image":"","background-repeat":"repeat","background-position":"center center","background-size":"auto","background-attachment":"scroll","background-type":"","background-media":"","overlay-type":"","overlay-color":"","overlay-opacity":"","overlay-gradient":""},"tablet":{"background-color":"","background-image":"","background-repeat":"repeat","background-position":"center center","background-size":"auto","background-attachment":"scroll","background-type":"","background-media":"","overlay-type":"","overlay-color":"","overlay-opacity":"","overlay-gradient":""},"mobile":{"background-color":"","background-image":"","background-repeat":"repeat","background-position":"center center","background-size":"auto","background-attachment":"scroll","background-type":"","background-media":"","overlay-type":"","overlay-color":"","overlay-opacity":"","overlay-gradient":""}},"ast-content-background-meta":{"desktop":{"background-color":"var(--ast-global-color-5)","background-image":"","background-repeat":"repeat","background-position":"center center","background-size":"auto","background-attachment":"scroll","background-type":"","background-media":"","overlay-type":"","overlay-color":"","overlay-opacity":"","overlay-gradient":""},"tablet":{"background-color":"var(--ast-global-color-5)","background-image":"","background-repeat":"repeat","background-position":"center center","background-size":"auto","background-attachment":"scroll","background-type":"","background-media":"","overlay-type":"","overlay-color":"","overlay-opacity":"","overlay-gradient":""},"mobile":{"background-color":"var(--ast-global-color-5)","background-image":"","background-repeat":"repeat","background-position":"center center","background-size":"auto","background-attachment":"scroll","background-type":"","background-media":"","overlay-type":"","overlay-color":"","overlay-opacity":"","overlay-gradient":""}},"footnotes":""},"class_list":["post-4344","page","type-page","status-publish","hentry"],"acf":[],"yoast_head":"<!-- This site is optimized with the Yoast SEO Premium plugin v26.7 (Yoast SEO v27.4) - https:\/\/yoast.com\/product\/yoast-seo-premium-wordpress\/ -->\n<title>Spare parts for Iveco Daily - FAST Original UK<\/title>\n<meta name=\"robots\" content=\"index, follow, max-snippet:-1, max-image-preview:large, max-video-preview:-1\" \/>\n<link rel=\"canonical\" href=\"https:\/\/fastoriginal.eu\/ru\/lcv\/iveco-daily\/\" \/>\n<script type=\"application\/ld+json\" class=\"yoast-schema-graph\">{\"@context\":\"https:\\\/\\\/schema.org\",\"@graph\":[{\"@type\":\"WebPage\",\"@id\":\"https:\\\/\\\/fastoriginal.eu\\\/lcv\\\/iveco-daily\\\/\",\"url\":\"https:\\\/\\\/fastoriginal.eu\\\/lcv\\\/iveco-daily\\\/\",\"name\":\"Spare parts for Iveco Daily - FAST Original UK\",\"isPartOf\":{\"@id\":\"https:\\\/\\\/fastoriginal.eu\\\/#website\"},\"datePublished\":\"2025-02-05T10:03:04+00:00\",\"dateModified\":\"2025-08-19T14:55:48+00:00\",\"breadcrumb\":{\"@id\":\"https:\\\/\\\/fastoriginal.eu\\\/lcv\\\/iveco-daily\\\/#breadcrumb\"},\"inLanguage\":\"ru-RU\",\"potentialAction\":[{\"@type\":\"ReadAction\",\"target\":[\"https:\\\/\\\/fastoriginal.eu\\\/lcv\\\/iveco-daily\\\/\"]}]},{\"@type\":\"BreadcrumbList\",\"@id\":\"https:\\\/\\\/fastoriginal.eu\\\/lcv\\\/iveco-daily\\\/#breadcrumb\",\"itemListElement\":[{\"@type\":\"ListItem\",\"position\":1,\"name\":\"Strona g\u0142\u00f3wna\",\"item\":\"https:\\\/\\\/fastoriginal.eu\\\/\"},{\"@type\":\"ListItem\",\"position\":2,\"name\":\"lcv\",\"item\":\"https:\\\/\\\/fastoriginal.eu\\\/lcv\\\/\"},{\"@type\":\"ListItem\",\"position\":3,\"name\":\"Iveco Daily\"}]},{\"@type\":\"WebSite\",\"@id\":\"https:\\\/\\\/fastoriginal.eu\\\/#website\",\"url\":\"https:\\\/\\\/fastoriginal.eu\\\/\",\"name\":\"FAST Original\",\"description\":\"Producent cz\u0119\u015bci do samochod\u00f3w dostawczych i osobowych\",\"publisher\":{\"@id\":\"https:\\\/\\\/fastoriginal.eu\\\/#organization\"},\"potentialAction\":[{\"@type\":\"SearchAction\",\"target\":{\"@type\":\"EntryPoint\",\"urlTemplate\":\"https:\\\/\\\/fastoriginal.eu\\\/?s={search_term_string}\"},\"query-input\":{\"@type\":\"PropertyValueSpecification\",\"valueRequired\":true,\"valueName\":\"search_term_string\"}}],\"inLanguage\":\"ru-RU\"},{\"@type\":\"Organization\",\"@id\":\"https:\\\/\\\/fastoriginal.eu\\\/#organization\",\"name\":\"FAST Original\",\"url\":\"https:\\\/\\\/fastoriginal.eu\\\/\",\"logo\":{\"@type\":\"ImageObject\",\"inLanguage\":\"ru-RU\",\"@id\":\"https:\\\/\\\/fastoriginal.eu\\\/#\\\/schema\\\/logo\\\/image\\\/\",\"url\":\"https:\\\/\\\/fastoriginal.eu\\\/wp-content\\\/uploads\\\/2026\\\/03\\\/cropped-fast_original_logo.png\",\"contentUrl\":\"https:\\\/\\\/fastoriginal.eu\\\/wp-content\\\/uploads\\\/2026\\\/03\\\/cropped-fast_original_logo.png\",\"width\":500,\"height\":167,\"caption\":\"FAST Original\"},\"image\":{\"@id\":\"https:\\\/\\\/fastoriginal.eu\\\/#\\\/schema\\\/logo\\\/image\\\/\"},\"sameAs\":[\"https:\\\/\\\/www.facebook.com\\\/fastoriginal\",\"https:\\\/\\\/www.youtube.com\\\/@buskana-vankingcelkargroup8830\",\"https:\\\/\\\/www.linkedin.com\\\/showcase\\\/fast-be-sure\\\/\"],\"numberOfEmployees\":{\"@type\":\"QuantitativeValue\",\"minValue\":\"201\",\"maxValue\":\"500\"}}]}<\/script>\n<!-- \/ Yoast SEO Premium plugin. -->","yoast_head_json":{"title":"Spare parts for Iveco Daily - FAST Original UK","robots":{"index":"index","follow":"follow","max-snippet":"max-snippet:-1","max-image-preview":"max-image-preview:large","max-video-preview":"max-video-preview:-1"},"canonical":"https:\/\/fastoriginal.eu\/ru\/lcv\/iveco-daily\/","schema":{"@context":"https:\/\/schema.org","@graph":[{"@type":"WebPage","@id":"https:\/\/fastoriginal.eu\/lcv\/iveco-daily\/","url":"https:\/\/fastoriginal.eu\/lcv\/iveco-daily\/","name":"Spare parts for Iveco Daily - FAST Original UK","isPartOf":{"@id":"https:\/\/fastoriginal.eu\/#website"},"datePublished":"2025-02-05T10:03:04+00:00","dateModified":"2025-08-19T14:55:48+00:00","breadcrumb":{"@id":"https:\/\/fastoriginal.eu\/lcv\/iveco-daily\/#breadcrumb"},"inLanguage":"ru-RU","potentialAction":[{"@type":"ReadAction","target":["https:\/\/fastoriginal.eu\/lcv\/iveco-daily\/"]}]},{"@type":"BreadcrumbList","@id":"https:\/\/fastoriginal.eu\/lcv\/iveco-daily\/#breadcrumb","itemListElement":[{"@type":"ListItem","position":1,"name":"Strona g\u0142\u00f3wna","item":"https:\/\/fastoriginal.eu\/"},{"@type":"ListItem","position":2,"name":"lcv","item":"https:\/\/fastoriginal.eu\/lcv\/"},{"@type":"ListItem","position":3,"name":"Iveco Daily"}]},{"@type":"WebSite","@id":"https:\/\/fastoriginal.eu\/#website","url":"https:\/\/fastoriginal.eu\/","name":"FAST Original","description":"Producent cz\u0119\u015bci do samochod\u00f3w dostawczych i osobowych","publisher":{"@id":"https:\/\/fastoriginal.eu\/#organization"},"potentialAction":[{"@type":"SearchAction","target":{"@type":"EntryPoint","urlTemplate":"https:\/\/fastoriginal.eu\/?s={search_term_string}"},"query-input":{"@type":"PropertyValueSpecification","valueRequired":true,"valueName":"search_term_string"}}],"inLanguage":"ru-RU"},{"@type":"Organization","@id":"https:\/\/fastoriginal.eu\/#organization","name":"FAST Original","url":"https:\/\/fastoriginal.eu\/","logo":{"@type":"ImageObject","inLanguage":"ru-RU","@id":"https:\/\/fastoriginal.eu\/#\/schema\/logo\/image\/","url":"https:\/\/fastoriginal.eu\/wp-content\/uploads\/2026\/03\/cropped-fast_original_logo.png","contentUrl":"https:\/\/fastoriginal.eu\/wp-content\/uploads\/2026\/03\/cropped-fast_original_logo.png","width":500,"height":167,"caption":"FAST Original"},"image":{"@id":"https:\/\/fastoriginal.eu\/#\/schema\/logo\/image\/"},"sameAs":["https:\/\/www.facebook.com\/fastoriginal","https:\/\/www.youtube.com\/@buskana-vankingcelkargroup8830","https:\/\/www.linkedin.com\/showcase\/fast-be-sure\/"],"numberOfEmployees":{"@type":"QuantitativeValue","minValue":"201","maxValue":"500"}}]}},"_links":{"self":[{"href":"https:\/\/fastoriginal.eu\/ru\/wp-json\/wp\/v2\/pages\/4344","targetHints":{"allow":["GET"]}}],"collection":[{"href":"https:\/\/fastoriginal.eu\/ru\/wp-json\/wp\/v2\/pages"}],"about":[{"href":"https:\/\/fastoriginal.eu\/ru\/wp-json\/wp\/v2\/types\/page"}],"author":[{"embeddable":true,"href":"https:\/\/fastoriginal.eu\/ru\/wp-json\/wp\/v2\/users\/1"}],"replies":[{"embeddable":true,"href":"https:\/\/fastoriginal.eu\/ru\/wp-json\/wp\/v2\/comments?post=4344"}],"version-history":[{"count":12,"href":"https:\/\/fastoriginal.eu\/ru\/wp-json\/wp\/v2\/pages\/4344\/revisions"}],"predecessor-version":[{"id":4627,"href":"https:\/\/fastoriginal.eu\/ru\/wp-json\/wp\/v2\/pages\/4344\/revisions\/4627"}],"up":[{"embeddable":true,"href":"https:\/\/fastoriginal.eu\/ru\/wp-json\/wp\/v2\/pages\/4342"}],"wp:attachment":[{"href":"https:\/\/fastoriginal.eu\/ru\/wp-json\/wp\/v2\/media?parent=4344"}],"curies":[{"name":"wp","href":"https:\/\/api.w.org\/{rel}","templated":true}]}}