{"id":2219,"date":"2024-02-23T09:22:14","date_gmt":"2024-02-23T08:22:14","guid":{"rendered":"https:\/\/fastoriginal.eu\/?page_id=2219"},"modified":"2026-04-22T08:56:43","modified_gmt":"2026-04-22T06:56:43","slug":"blog","status":"publish","type":"page","link":"https:\/\/fastoriginal.eu\/ru\/blog\/","title":{"rendered":"Blog"},"content":{"rendered":"<div data-elementor-type=\"wp-page\" data-elementor-id=\"2219\" class=\"elementor elementor-2219\" data-elementor-post-type=\"page\">\n\t\t\t\t<div class=\"elementor-element elementor-element-8f84d7e e-flex e-con-boxed e-con e-parent\" data-id=\"8f84d7e\" data-element_type=\"container\" data-e-type=\"container\">\n\t\t\t\t\t<div class=\"e-con-inner\">\n\t\t<div class=\"elementor-element elementor-element-eb8fa26 e-flex e-con-boxed elementor-invisible e-con e-child\" data-id=\"eb8fa26\" data-element_type=\"container\" data-e-type=\"container\" data-settings=\"{&quot;animation&quot;:&quot;fadeIn&quot;}\">\n\t\t\t\t\t<div class=\"e-con-inner\">\n\t\t\t\t<div class=\"elementor-element elementor-element-b11fa01 elementor--h-position-center elementor--v-position-middle elementor-widget elementor-widget-slides\" data-id=\"b11fa01\" data-element_type=\"widget\" data-e-type=\"widget\" data-settings=\"{&quot;navigation&quot;:&quot;none&quot;,&quot;autoplay_speed&quot;:4000,&quot;transition&quot;:&quot;fade&quot;,&quot;autoplay&quot;:&quot;yes&quot;,&quot;pause_on_interaction&quot;:&quot;yes&quot;,&quot;infinite&quot;:&quot;yes&quot;,&quot;transition_speed&quot;:500}\" data-widget_type=\"slides.default\">\n\t\t\t\t<div class=\"elementor-widget-container\">\n\t\t\t\t\t\t\t\t\t<div class=\"elementor-swiper\">\n\t\t\t\t\t<div class=\"elementor-slides-wrapper elementor-main-swiper swiper\" role=\"region\" aria-roledescription=\"carousel\" aria-label=\"Slides\" dir=\"ltr\" data-animation=\"fadeInUp\">\n\t\t\t\t<div class=\"swiper-wrapper elementor-slides\">\n\t\t\t\t\t\t\t\t\t\t<div class=\"elementor-repeater-item-12d4d49 swiper-slide\" role=\"group\" aria-roledescription=\"slide\"><div class=\"swiper-slide-bg elementor-ken-burns elementor-ken-burns--in\" role=\"img\" aria-label=\"blog-slajder\"><\/div><div class=\"elementor-background-overlay\"><\/div><div class=\"swiper-slide-inner\" ><div class=\"swiper-slide-contents\"><h1 class=\"elementor-slide-heading\">News<\/h1><\/div><\/div><\/div>\t\t\t\t<\/div>\n\t\t\t\t\t\t\t<\/div>\n\t\t\t\t<\/div>\n\t\t\t\t\t\t\t\t<\/div>\n\t\t\t\t<\/div>\n\t\t\t\t\t<\/div>\n\t\t\t\t<\/div>\n\t\t\t\t\t<\/div>\n\t\t\t\t<\/div>\n\t\t<div class=\"elementor-element elementor-element-2051d35 e-flex e-con-boxed e-con e-parent\" data-id=\"2051d35\" data-element_type=\"container\" data-e-type=\"container\">\n\t\t\t\t\t<div class=\"e-con-inner\">\n\t\t<div class=\"elementor-element elementor-element-95bcc8c e-flex e-con-boxed e-con e-child\" data-id=\"95bcc8c\" data-element_type=\"container\" data-e-type=\"container\" data-settings=\"{&quot;background_background&quot;:&quot;classic&quot;}\">\n\t\t\t\t\t<div class=\"e-con-inner\">\n\t\t\t\t<div class=\"elementor-element elementor-element-72407a7 blog__listing elementor-grid-3 elementor-grid-tablet-2 elementor-grid-mobile-1 elementor-posts--thumbnail-top elementor-widget elementor-widget-posts\" data-id=\"72407a7\" data-element_type=\"widget\" data-e-type=\"widget\" data-settings=\"{&quot;pagination_type&quot;:&quot;numbers_and_prev_next&quot;,&quot;classic_columns&quot;:&quot;3&quot;,&quot;classic_columns_tablet&quot;:&quot;2&quot;,&quot;classic_columns_mobile&quot;:&quot;1&quot;,&quot;classic_row_gap&quot;:{&quot;unit&quot;:&quot;px&quot;,&quot;size&quot;:35,&quot;sizes&quot;:[]},&quot;classic_row_gap_tablet&quot;:{&quot;unit&quot;:&quot;px&quot;,&quot;size&quot;:&quot;&quot;,&quot;sizes&quot;:[]},&quot;classic_row_gap_mobile&quot;:{&quot;unit&quot;:&quot;px&quot;,&quot;size&quot;:&quot;&quot;,&quot;sizes&quot;:[]}}\" data-no-translation=\"\" data-widget_type=\"posts.classic\">\n\t\t\t\t<div class=\"elementor-widget-container\">\n\t\t\t\t\t<style>.elementor-element-72407a7{display:none !important}<\/style>\t\t\t\t<\/div>\n\t\t\t\t<\/div>\n\t\t\t\t<div class=\"elementor-element elementor-element-af9b259 elementor-grid-3 elementor-grid-tablet-2 elementor-grid-mobile-1 elementor-posts--thumbnail-top load-more-align-center elementor-widget elementor-widget-posts\" data-id=\"af9b259\" data-element_type=\"widget\" data-e-type=\"widget\" data-settings=\"{&quot;pagination_type&quot;:&quot;load_more_on_click&quot;,&quot;classic_columns&quot;:&quot;3&quot;,&quot;classic_columns_tablet&quot;:&quot;2&quot;,&quot;classic_columns_mobile&quot;:&quot;1&quot;,&quot;classic_row_gap&quot;:{&quot;unit&quot;:&quot;px&quot;,&quot;size&quot;:35,&quot;sizes&quot;:[]},&quot;classic_row_gap_tablet&quot;:{&quot;unit&quot;:&quot;px&quot;,&quot;size&quot;:&quot;&quot;,&quot;sizes&quot;:[]},&quot;classic_row_gap_mobile&quot;:{&quot;unit&quot;:&quot;px&quot;,&quot;size&quot;:&quot;&quot;,&quot;sizes&quot;:[]},&quot;load_more_spinner&quot;:{&quot;value&quot;:&quot;fas fa-spinner&quot;,&quot;library&quot;:&quot;fa-solid&quot;}}\" data-no-translation=\"\" data-widget_type=\"posts.classic\">\n\t\t\t\t<div class=\"elementor-widget-container\">\n\t\t\t\t\t<style>.elementor-element-af9b259{display:none !important}<\/style>\t\t\t\t<\/div>\n\t\t\t\t<\/div>\n\t\t\t\t<div class=\"elementor-element elementor-element-9b9ead1 elementor-grid-3 elementor-grid-tablet-2 elementor-grid-mobile-1 elementor-posts--thumbnail-top elementor-widget elementor-widget-posts\" data-id=\"9b9ead1\" data-element_type=\"widget\" data-e-type=\"widget\" data-settings=\"{&quot;pagination_type&quot;:&quot;numbers_and_prev_next&quot;,&quot;classic_columns&quot;:&quot;3&quot;,&quot;classic_columns_tablet&quot;:&quot;2&quot;,&quot;classic_columns_mobile&quot;:&quot;1&quot;,&quot;classic_row_gap&quot;:{&quot;unit&quot;:&quot;px&quot;,&quot;size&quot;:35,&quot;sizes&quot;:[]},&quot;classic_row_gap_tablet&quot;:{&quot;unit&quot;:&quot;px&quot;,&quot;size&quot;:&quot;&quot;,&quot;sizes&quot;:[]},&quot;classic_row_gap_mobile&quot;:{&quot;unit&quot;:&quot;px&quot;,&quot;size&quot;:&quot;&quot;,&quot;sizes&quot;:[]}}\" data-no-translation=\"\" data-widget_type=\"posts.classic\">\n\t\t\t\t<div class=\"elementor-widget-container\">\n\t\t\t\t\t<style>.elementor-element-9b9ead1{display:none !important}<\/style>\t\t\t\t<\/div>\n\t\t\t\t<\/div>\n\t\t\t\t\t<\/div>\n\t\t\t\t<\/div>\n\t\t\t\t\t<\/div>\n\t\t\t\t<\/div>\n\t\t<div class=\"elementor-element elementor-element-5d0d051 e-con-full animated-fast e-flex elementor-invisible e-con e-parent\" data-id=\"5d0d051\" data-element_type=\"container\" data-e-type=\"container\" data-settings=\"{&quot;background_background&quot;:&quot;classic&quot;,&quot;animation&quot;:&quot;fadeIn&quot;,&quot;animation_delay&quot;:200}\">\n\t\t<div class=\"elementor-element elementor-element-cb915a1 e-con-full e-flex e-con e-child\" data-id=\"cb915a1\" data-element_type=\"container\" data-e-type=\"container\">\n\t\t\t\t<div class=\"elementor-element elementor-element-c8f2f8b elementor-widget elementor-widget-image\" data-id=\"c8f2f8b\" data-element_type=\"widget\" data-e-type=\"widget\" data-widget_type=\"image.default\">\n\t\t\t\t<div class=\"elementor-widget-container\">\n\t\t\t\t\t\t\t\t\t\t\t\t\t\t\t<img decoding=\"async\" width=\"200\" height=\"62\" src=\"https:\/\/fastoriginal.eu\/wp-content\/uploads\/2024\/01\/fasticon2.png\" class=\"attachment-full size-full wp-image-1077\" alt=\"\" \/>\t\t\t\t\t\t\t\t\t\t\t\t\t\t\t<\/div>\n\t\t\t\t<\/div>\n\t\t\t\t<div class=\"elementor-element elementor-element-5fde9eb elementor-widget elementor-widget-heading\" data-id=\"5fde9eb\" data-element_type=\"widget\" data-e-type=\"widget\" data-widget_type=\"heading.default\">\n\t\t\t\t<div class=\"elementor-widget-container\">\n\t\t\t\t\t<h4 class=\"elementor-heading-title elementor-size-default\">Chcesz by\u0107 na bie\u017c\u0105co?<\/h4>\t\t\t\t<\/div>\n\t\t\t\t<\/div>\n\t\t\t\t<div class=\"elementor-element elementor-element-99d10e1 elementor-widget elementor-widget-heading\" data-id=\"99d10e1\" data-element_type=\"widget\" data-e-type=\"widget\" data-widget_type=\"heading.default\">\n\t\t\t\t<div class=\"elementor-widget-container\">\n\t\t\t\t\t<h2 class=\"elementor-heading-title elementor-size-default\">Zapisz si\u0119 do naszego newslettera<\/h2>\t\t\t\t<\/div>\n\t\t\t\t<\/div>\n\t\t\t\t<div class=\"elementor-element elementor-element-476cad0 elementor-widget elementor-widget-text-editor\" data-id=\"476cad0\" data-element_type=\"widget\" data-e-type=\"widget\" data-widget_type=\"text-editor.default\">\n\t\t\t\t<div class=\"elementor-widget-container\">\n\t\t\t\t\t\t\t\t\t<p>Do\u0142\u0105cz do naszego newslettera. Dlaczego warto? Co tydzie\u0144 masa nowo\u015bci produktowych, kt\u00f3rych nie mo\u017cesz przeoczy\u0107.<br \/>Wystarczy poda\u0107 sw\u00f3j adres e-mail i korzysta\u0107 z dost\u0119pu do bazy nowych produkt\u00f3w marki Fast. <br \/>Portfolio marki rozrasta si\u0119 nawet o kilkadziesi\u0105t produkt\u00f3w tygodniowo.<br \/>Nie tra\u0107 mo\u017cliwo\u015bci powi\u0119kszenia swojej oferty o nowe kody FAST, zarejestruj si\u0119 ju\u017c teraz!<\/p>\t\t\t\t\t\t\t\t<\/div>\n\t\t\t\t<\/div>\n\t\t\t\t<div class=\"elementor-element elementor-element-a995b0e elementor-widget__width-initial elementor-widget elementor-widget-html\" data-id=\"a995b0e\" data-element_type=\"widget\" data-e-type=\"widget\" data-widget_type=\"html.default\">\n\t\t\t\t<div class=\"elementor-widget-container\">\n\t\t\t\t\t<getresponse-form form-id=\"a83396d3-d590-4b58-9b50-faf6081559d4\" e=\"0\"><\/getresponse-form>\n\t\t\t\t<\/div>\n\t\t\t\t<\/div>\n\t\t\t\t<\/div>\n\t\t\t\t<\/div>\n\t\t\t\t<\/div>","protected":false},"excerpt":{"rendered":"<p>News Chcesz by\u0107 na bie\u017c\u0105co? Zapisz si\u0119 do naszego newslettera Do\u0142\u0105cz do naszego newslettera. Dlaczego warto? Co tydzie\u0144 masa nowo\u015bci produktowych, kt\u00f3rych nie mo\u017cesz przeoczy\u0107.Wystarczy poda\u0107 sw\u00f3j adres e-mail i korzysta\u0107 z dost\u0119pu do bazy nowych produkt\u00f3w marki Fast. Portfolio marki rozrasta si\u0119 nawet o kilkadziesi\u0105t produkt\u00f3w tygodniowo.Nie tra\u0107 mo\u017cliwo\u015bci powi\u0119kszenia swojej oferty o nowe [&hellip;]<\/p>\n","protected":false},"author":1,"featured_media":0,"parent":0,"menu_order":0,"comment_status":"closed","ping_status":"closed","template":"","meta":{"_acf_changed":false,"site-sidebar-layout":"no-sidebar","site-content-layout":"page-builder","ast-site-content-layout":"full-width-container","site-content-style":"unboxed","site-sidebar-style":"unboxed","ast-global-header-display":"","ast-banner-title-visibility":"","ast-main-header-display":"","ast-hfb-above-header-display":"","ast-hfb-below-header-display":"","ast-hfb-mobile-header-display":"","site-post-title":"disabled","ast-breadcrumbs-content":"disabled","ast-featured-img":"disabled","footer-sml-layout":"","theme-transparent-header-meta":"disabled","adv-header-id-meta":"","stick-header-meta":"","header-above-stick-meta":"","header-main-stick-meta":"","header-below-stick-meta":"","astra-migrate-meta-layouts":"set","ast-page-background-enabled":"default","ast-page-background-meta":{"desktop":{"background-color":"var(--ast-global-color-4)","background-image":"","background-repeat":"repeat","background-position":"center center","background-size":"auto","background-attachment":"scroll","background-type":"","background-media":"","overlay-type":"","overlay-color":"","overlay-opacity":"","overlay-gradient":""},"tablet":{"background-color":"","background-image":"","background-repeat":"repeat","background-position":"center center","background-size":"auto","background-attachment":"scroll","background-type":"","background-media":"","overlay-type":"","overlay-color":"","overlay-opacity":"","overlay-gradient":""},"mobile":{"background-color":"","background-image":"","background-repeat":"repeat","background-position":"center center","background-size":"auto","background-attachment":"scroll","background-type":"","background-media":"","overlay-type":"","overlay-color":"","overlay-opacity":"","overlay-gradient":""}},"ast-content-background-meta":{"desktop":{"background-color":"var(--ast-global-color-5)","background-image":"","background-repeat":"repeat","background-position":"center center","background-size":"auto","background-attachment":"scroll","background-type":"","background-media":"","overlay-type":"","overlay-color":"","overlay-opacity":"","overlay-gradient":""},"tablet":{"background-color":"var(--ast-global-color-5)","background-image":"","background-repeat":"repeat","background-position":"center center","background-size":"auto","background-attachment":"scroll","background-type":"","background-media":"","overlay-type":"","overlay-color":"","overlay-opacity":"","overlay-gradient":""},"mobile":{"background-color":"var(--ast-global-color-5)","background-image":"","background-repeat":"repeat","background-position":"center center","background-size":"auto","background-attachment":"scroll","background-type":"","background-media":"","overlay-type":"","overlay-color":"","overlay-opacity":"","overlay-gradient":""}},"footnotes":""},"class_list":["post-2219","page","type-page","status-publish","hentry"],"acf":[],"yoast_head":"<!-- This site is optimized with the Yoast SEO Premium plugin v26.7 (Yoast SEO v27.4) - https:\/\/yoast.com\/product\/yoast-seo-premium-wordpress\/ -->\n<title>News and Blog - FAST Original UK<\/title>\n<meta name=\"robots\" content=\"index, follow, max-snippet:-1, max-image-preview:large, max-video-preview:-1\" \/>\n<link rel=\"canonical\" href=\"https:\/\/fastoriginal.eu\/ru\/blog\/\" \/>\n<script type=\"application\/ld+json\" class=\"yoast-schema-graph\">{\"@context\":\"https:\\\/\\\/schema.org\",\"@graph\":[{\"@type\":\"WebPage\",\"@id\":\"https:\\\/\\\/fastoriginal.eu\\\/blog\\\/\",\"url\":\"https:\\\/\\\/fastoriginal.eu\\\/blog\\\/\",\"name\":\"News and Blog - FAST Original UK\",\"isPartOf\":{\"@id\":\"https:\\\/\\\/fastoriginal.eu\\\/#website\"},\"primaryImageOfPage\":{\"@id\":\"https:\\\/\\\/fastoriginal.eu\\\/blog\\\/#primaryimage\"},\"image\":{\"@id\":\"https:\\\/\\\/fastoriginal.eu\\\/blog\\\/#primaryimage\"},\"thumbnailUrl\":\"https:\\\/\\\/fastoriginal.eu\\\/wp-content\\\/uploads\\\/2024\\\/01\\\/fasticon2.png\",\"datePublished\":\"2024-02-23T08:22:14+00:00\",\"dateModified\":\"2026-04-22T06:56:43+00:00\",\"breadcrumb\":{\"@id\":\"https:\\\/\\\/fastoriginal.eu\\\/blog\\\/#breadcrumb\"},\"inLanguage\":\"ru-RU\",\"potentialAction\":[{\"@type\":\"ReadAction\",\"target\":[\"https:\\\/\\\/fastoriginal.eu\\\/blog\\\/\"]}]},{\"@type\":\"ImageObject\",\"inLanguage\":\"ru-RU\",\"@id\":\"https:\\\/\\\/fastoriginal.eu\\\/blog\\\/#primaryimage\",\"url\":\"https:\\\/\\\/fastoriginal.eu\\\/wp-content\\\/uploads\\\/2024\\\/01\\\/fasticon2.png\",\"contentUrl\":\"https:\\\/\\\/fastoriginal.eu\\\/wp-content\\\/uploads\\\/2024\\\/01\\\/fasticon2.png\"},{\"@type\":\"BreadcrumbList\",\"@id\":\"https:\\\/\\\/fastoriginal.eu\\\/blog\\\/#breadcrumb\",\"itemListElement\":[{\"@type\":\"ListItem\",\"position\":1,\"name\":\"Strona g\u0142\u00f3wna\",\"item\":\"https:\\\/\\\/fastoriginal.eu\\\/\"},{\"@type\":\"ListItem\",\"position\":2,\"name\":\"Blog\"}]},{\"@type\":\"WebSite\",\"@id\":\"https:\\\/\\\/fastoriginal.eu\\\/#website\",\"url\":\"https:\\\/\\\/fastoriginal.eu\\\/\",\"name\":\"FAST Original\",\"description\":\"Producent cz\u0119\u015bci do samochod\u00f3w dostawczych i osobowych\",\"publisher\":{\"@id\":\"https:\\\/\\\/fastoriginal.eu\\\/#organization\"},\"potentialAction\":[{\"@type\":\"SearchAction\",\"target\":{\"@type\":\"EntryPoint\",\"urlTemplate\":\"https:\\\/\\\/fastoriginal.eu\\\/?s={search_term_string}\"},\"query-input\":{\"@type\":\"PropertyValueSpecification\",\"valueRequired\":true,\"valueName\":\"search_term_string\"}}],\"inLanguage\":\"ru-RU\"},{\"@type\":\"Organization\",\"@id\":\"https:\\\/\\\/fastoriginal.eu\\\/#organization\",\"name\":\"FAST Original\",\"url\":\"https:\\\/\\\/fastoriginal.eu\\\/\",\"logo\":{\"@type\":\"ImageObject\",\"inLanguage\":\"ru-RU\",\"@id\":\"https:\\\/\\\/fastoriginal.eu\\\/#\\\/schema\\\/logo\\\/image\\\/\",\"url\":\"https:\\\/\\\/fastoriginal.eu\\\/wp-content\\\/uploads\\\/2026\\\/03\\\/cropped-fast_original_logo.png\",\"contentUrl\":\"https:\\\/\\\/fastoriginal.eu\\\/wp-content\\\/uploads\\\/2026\\\/03\\\/cropped-fast_original_logo.png\",\"width\":500,\"height\":167,\"caption\":\"FAST Original\"},\"image\":{\"@id\":\"https:\\\/\\\/fastoriginal.eu\\\/#\\\/schema\\\/logo\\\/image\\\/\"},\"sameAs\":[\"https:\\\/\\\/www.facebook.com\\\/fastoriginal\",\"https:\\\/\\\/www.youtube.com\\\/@buskana-vankingcelkargroup8830\",\"https:\\\/\\\/www.linkedin.com\\\/showcase\\\/fast-be-sure\\\/\"],\"numberOfEmployees\":{\"@type\":\"QuantitativeValue\",\"minValue\":\"201\",\"maxValue\":\"500\"}}]}<\/script>\n<!-- \/ Yoast SEO Premium plugin. -->","yoast_head_json":{"title":"News and Blog - FAST Original UK","robots":{"index":"index","follow":"follow","max-snippet":"max-snippet:-1","max-image-preview":"max-image-preview:large","max-video-preview":"max-video-preview:-1"},"canonical":"https:\/\/fastoriginal.eu\/ru\/blog\/","schema":{"@context":"https:\/\/schema.org","@graph":[{"@type":"WebPage","@id":"https:\/\/fastoriginal.eu\/blog\/","url":"https:\/\/fastoriginal.eu\/blog\/","name":"News and Blog - FAST Original UK","isPartOf":{"@id":"https:\/\/fastoriginal.eu\/#website"},"primaryImageOfPage":{"@id":"https:\/\/fastoriginal.eu\/blog\/#primaryimage"},"image":{"@id":"https:\/\/fastoriginal.eu\/blog\/#primaryimage"},"thumbnailUrl":"https:\/\/fastoriginal.eu\/wp-content\/uploads\/2024\/01\/fasticon2.png","datePublished":"2024-02-23T08:22:14+00:00","dateModified":"2026-04-22T06:56:43+00:00","breadcrumb":{"@id":"https:\/\/fastoriginal.eu\/blog\/#breadcrumb"},"inLanguage":"ru-RU","potentialAction":[{"@type":"ReadAction","target":["https:\/\/fastoriginal.eu\/blog\/"]}]},{"@type":"ImageObject","inLanguage":"ru-RU","@id":"https:\/\/fastoriginal.eu\/blog\/#primaryimage","url":"https:\/\/fastoriginal.eu\/wp-content\/uploads\/2024\/01\/fasticon2.png","contentUrl":"https:\/\/fastoriginal.eu\/wp-content\/uploads\/2024\/01\/fasticon2.png"},{"@type":"BreadcrumbList","@id":"https:\/\/fastoriginal.eu\/blog\/#breadcrumb","itemListElement":[{"@type":"ListItem","position":1,"name":"Strona g\u0142\u00f3wna","item":"https:\/\/fastoriginal.eu\/"},{"@type":"ListItem","position":2,"name":"Blog"}]},{"@type":"WebSite","@id":"https:\/\/fastoriginal.eu\/#website","url":"https:\/\/fastoriginal.eu\/","name":"FAST Original","description":"Producent cz\u0119\u015bci do samochod\u00f3w dostawczych i osobowych","publisher":{"@id":"https:\/\/fastoriginal.eu\/#organization"},"potentialAction":[{"@type":"SearchAction","target":{"@type":"EntryPoint","urlTemplate":"https:\/\/fastoriginal.eu\/?s={search_term_string}"},"query-input":{"@type":"PropertyValueSpecification","valueRequired":true,"valueName":"search_term_string"}}],"inLanguage":"ru-RU"},{"@type":"Organization","@id":"https:\/\/fastoriginal.eu\/#organization","name":"FAST Original","url":"https:\/\/fastoriginal.eu\/","logo":{"@type":"ImageObject","inLanguage":"ru-RU","@id":"https:\/\/fastoriginal.eu\/#\/schema\/logo\/image\/","url":"https:\/\/fastoriginal.eu\/wp-content\/uploads\/2026\/03\/cropped-fast_original_logo.png","contentUrl":"https:\/\/fastoriginal.eu\/wp-content\/uploads\/2026\/03\/cropped-fast_original_logo.png","width":500,"height":167,"caption":"FAST Original"},"image":{"@id":"https:\/\/fastoriginal.eu\/#\/schema\/logo\/image\/"},"sameAs":["https:\/\/www.facebook.com\/fastoriginal","https:\/\/www.youtube.com\/@buskana-vankingcelkargroup8830","https:\/\/www.linkedin.com\/showcase\/fast-be-sure\/"],"numberOfEmployees":{"@type":"QuantitativeValue","minValue":"201","maxValue":"500"}}]}},"_links":{"self":[{"href":"https:\/\/fastoriginal.eu\/ru\/wp-json\/wp\/v2\/pages\/2219","targetHints":{"allow":["GET"]}}],"collection":[{"href":"https:\/\/fastoriginal.eu\/ru\/wp-json\/wp\/v2\/pages"}],"about":[{"href":"https:\/\/fastoriginal.eu\/ru\/wp-json\/wp\/v2\/types\/page"}],"author":[{"embeddable":true,"href":"https:\/\/fastoriginal.eu\/ru\/wp-json\/wp\/v2\/users\/1"}],"replies":[{"embeddable":true,"href":"https:\/\/fastoriginal.eu\/ru\/wp-json\/wp\/v2\/comments?post=2219"}],"version-history":[{"count":62,"href":"https:\/\/fastoriginal.eu\/ru\/wp-json\/wp\/v2\/pages\/2219\/revisions"}],"predecessor-version":[{"id":5440,"href":"https:\/\/fastoriginal.eu\/ru\/wp-json\/wp\/v2\/pages\/2219\/revisions\/5440"}],"wp:attachment":[{"href":"https:\/\/fastoriginal.eu\/ru\/wp-json\/wp\/v2\/media?parent=2219"}],"curies":[{"name":"wp","href":"https:\/\/api.w.org\/{rel}","templated":true}]}}