{"id":4333,"date":"2025-02-05T10:52:49","date_gmt":"2025-02-05T09:52:49","guid":{"rendered":"https:\/\/fastoriginal.eu\/?page_id=4333"},"modified":"2025-02-24T12:35:54","modified_gmt":"2025-02-24T11:35:54","slug":"peugeot-boxer","status":"publish","type":"page","link":"https:\/\/fastoriginal.eu\/it\/vans\/peugeot-boxer\/","title":{"rendered":"Peugeot Boxer"},"content":{"rendered":"<div data-elementor-type=\"wp-page\" data-elementor-id=\"4333\" class=\"elementor elementor-4333\" data-elementor-post-type=\"page\">\n\t\t\t\t<div class=\"elementor-element elementor-element-7aae58b e-flex e-con-boxed e-con e-parent\" data-id=\"7aae58b\" data-element_type=\"container\" data-e-type=\"container\">\n\t\t\t\t\t<div class=\"e-con-inner\">\n\t\t\t\t<div class=\"elementor-element elementor-element-8f20f7f elementor-widget elementor-widget-heading\" data-id=\"8f20f7f\" data-element_type=\"widget\" data-e-type=\"widget\" data-widget_type=\"heading.default\">\n\t\t\t\t<div class=\"elementor-widget-container\">\n\t\t\t\t\t<h1 class=\"elementor-heading-title elementor-size-default\">Cz\u0119\u015bci zamienne do Peugeota Boxera<\/h1>\t\t\t\t<\/div>\n\t\t\t\t<\/div>\n\t\t\t\t\t<\/div>\n\t\t\t\t<\/div>\n\t\t<div class=\"elementor-element elementor-element-d5959e6 e-flex e-con-boxed e-con e-parent\" data-id=\"d5959e6\" data-element_type=\"container\" data-e-type=\"container\">\n\t\t\t\t\t<div class=\"e-con-inner\">\n\t\t\t\t<div class=\"elementor-element elementor-element-214046b elementor-widget elementor-widget-text-editor\" data-id=\"214046b\" data-element_type=\"widget\" data-e-type=\"widget\" data-widget_type=\"text-editor.default\">\n\t\t\t\t<div class=\"elementor-widget-container\">\n\t\t\t\t\t\t\t\t\t<p class=\" translation-block\"><strong>Cz\u0119\u015bci zamienne do Peugeota Boxera<\/strong> odgrywaj\u0105 istotn\u0105 rol\u0119 w bran\u017cy motoryzacyjnej, zw\u0142aszcza w kontek\u015bcie rosn\u0105cej liczby dost\u0119pnych produkt\u00f3w. Katalog FAST, zawieraj\u0105cy oko\u0142o 9000 element\u00f3w, u\u0142atwia sklepom i warsztatom dob\u00f3r odpowiednich cz\u0119\u015bci. Dzi\u0119ki integracji z mi\u0119dzynarodowym katalogiem TecDoc oraz znajomo\u015bci konstrukcji pojazd\u00f3w dostawczych proces ten staje si\u0119 szybszy i bardziej precyzyjny, co przek\u0142ada si\u0119 na zadowolenie klient\u00f3w.<\/p>\n<h2>Katalog FAST i jego zawarto\u015b\u0107<\/h2>\n<p class=\" translation-block\"><strong>Katalog FAST to ponad 10 tys. cz\u0119\u015bci zamiennych<\/strong>, g\u0142\u00f3wnie do bus\u00f3w i pojazd\u00f3w u\u017cytkowych o masie do 3, 5 tony. Co miesi\u0105c dodawane s\u0105 nowe produkty, co wymaga odpowiedniego skatalogowania. Elementy s\u0105 uporz\u0105dkowane w grupach produktowych, a ka\u017cda z nich jest zarejestrowana w mi\u0119dzynarodowym katalogu TecDoc. Umo\u017cliwia to \u0142atwe wyszukiwanie pasuj\u0105cych komponent\u00f3w do konkretnego modelu. W przeciwie\u0144stwie do samochod\u00f3w osobowych, cz\u0119\u015bci do pojazd\u00f3w dostawczych cz\u0119sto r\u00f3\u017cni\u0105 si\u0119 znacznie mi\u0119dzy sob\u0105. Dlatego <strong>znajomo\u015b\u0107 konstrukcji oraz systemu numeracji producent\u00f3w<\/strong> jest kluczowa dla szybkiego i precyzyjnego dobrania odpowiedniego produktu dla klienta. Oferujemy r\u00f3wnie\u017c <a href=\"\/en\/vans\/citroen-jumper\/\" target=\"_self\">cz\u0119\u015bci zamienne do Citroena Jumpera<\/a>.<\/p>\n<h2>Specyfika cz\u0119\u015bci zamiennych do Peugeota Boxera<\/h2>\n<p class=\" translation-block\">Cz\u0119\u015bci do aut dostawczych, takich jak Peugeot Boxer, r\u00f3\u017cni\u0105 si\u0119 od tych montowanych w samochodach osobowych. Cho\u0107 mniejsze vany dziel\u0105 wiele komponent\u00f3w ze swoimi kuzynami, wi\u0119ksze modele wymagaj\u0105 dedykowanych element\u00f3w. W przypadku Boxera oraz innych podobnych pojazd\u00f3w kluczowa jest znajomo\u015b\u0107 konstrukcji oraz system\u00f3w stosowanych przez producent\u00f3w. W przeciwie\u0144stwie do aut osobowych, gdzie cz\u0119\u015bci s\u0105 bardziej uniwersalne, w busach konieczne jest precyzyjne dopasowanie do konkretnego modelu i wersji silnikowej. Dlatego specjali\u015bci musz\u0105 by\u0107 dobrze poinformowani o r\u00f3\u017cnych aspektach tych pojazd\u00f3w, aby skutecznie dobiera\u0107 odpowiednie zamienniki i zapewni\u0107 ich d\u0142ugotrwa\u0142e dzia\u0142anie. Warto r\u00f3wnie\u017c pami\u0119ta\u0107, \u017ce <strong>w\u0142a\u015bciwe dobranie cz\u0119\u015bci do Peugeota Boxera ma kluczowe znaczenie dla bezpiecze\u0144stwa oraz wydajno\u015bci pojazdu<\/strong>.<\/p>\n<h2>Efektywne korzystanie z katalogu<\/h2>\n<p class=\" translation-block\">Korzystanie z <a href=\"\/katalog\/eu\" target=\"_self\">katalogu FAST<\/a> umo\u017cliwia szybkie i efektywne wyszukiwanie potrzebnych cz\u0119\u015bci. U\u017cytkownik ma mo\u017cliwo\u015b\u0107 przeszukiwania oferty zar\u00f3wno po kategoriach, jak i wed\u0142ug modeli samochod\u00f3w dostawczych. Wystarczy wybra\u0107 interesuj\u0105c\u0105 kategori\u0119 oraz zastosowa\u0107 dwustopniowy filtr obejmuj\u0105cy mark\u0119 i model pojazdu oraz przedzia\u0142 rocznik\u00f3w. To znacznie skraca czas obs\u0142ugi klienta w sklepie lub hurtowni. Dzi\u0119ki dog\u0142\u0119bnej znajomo\u015bci konstrukcji aut dostawczych eksperci opracowali katalog tak, aby <strong>dob\u00f3r cz\u0119\u015bci nie wymaga\u0142 znajomo\u015bci numeru VIN pojazdu<\/strong>, a mimo to by\u0142 pewny i trafny. Dla u\u0142atwienia niekt\u00f3re elementy przedstawione s\u0105 na graficznych schematach, co pozwala szybko zidentyfikowa\u0107 potrzebn\u0105 cz\u0119\u015b\u0107.<\/p>\n<h2>Wizualne wsparcie w doborze cz\u0119\u015bci<\/h2>\n<p class=\" translation-block\">Wizualne wsparcie w doborze komponent\u00f3w odgrywa kluczow\u0105 rol\u0119 w procesie zamawiania. <strong>Wizualizacja element\u00f3w nadwozia pozwala na b\u0142yskawiczne rozpoznanie wymaganej cz\u0119\u015bci<\/strong>, co istotnie przyspiesza proces obs\u0142ugi klienta. Pracownicy sklep\u00f3w motoryzacyjnych mog\u0105 \u0142atwiej i dok\u0142adniej dobiera\u0107 komponenty, nie wymagaj\u0105c znajomo\u015bci numeru VIN pojazdu. Wizualne schematy wp\u0142ywaj\u0105 na szybko\u015b\u0107 i precyzj\u0119 procesu zamawiania, co jest szczeg\u00f3lnie istotne w przypadku <strong>samochod\u00f3w dostawczych oraz pojazd\u00f3w u\u017cytkowych<\/strong>. Dzi\u0119ki temu klienci mog\u0105 liczy\u0107 na szybsz\u0105 pomoc oraz pewno\u015b\u0107 trafnego wyboru. Warto skorzysta\u0107 z oferty naszej firmy, oferuj\u0105cej graficzne katalogi element\u00f3w nadwozia, aby usprawni\u0107 prac\u0119 w sklepie oraz zwi\u0119kszy\u0107 satysfakcj\u0119 klient\u00f3w.<\/p>\n<h2>Rozw\u00f3j sklepu dzi\u0119ki cz\u0119\u015bciom zamiennym<\/h2>\n<p class=\" translation-block\"><strong>Wprowadzenie cz\u0119\u015bci zamiennych do Peugeota Boxera do oferty znacz\u0105co wp\u0142ywa na rozw\u00f3j sklepu motoryzacyjnego<\/strong>. Dzi\u0119ki temu przedsi\u0119biorstwo zdobywa nowych klient\u00f3w oraz zwi\u0119ksza przychody. Warto skorzysta\u0107 z fachowego doradztwa dotycz\u0105cego doboru najlepiej sprzedaj\u0105cych si\u0119 element\u00f3w oraz wsparcia marketingowego na lokalnym rynku. Wiedza o potrzebach klient\u00f3w i konkurencji pozwoli skuteczniej promowa\u0107 ofert\u0119. Integracja danych TecDoc w katalogu FAST u\u0142atwia szybki dob\u00f3r cz\u0119\u015bci do r\u00f3\u017cnych modeli samochod\u00f3w dostawczych, co przek\u0142ada si\u0119 na lepsz\u0105 obs\u0142ug\u0119 klient\u00f3w i wi\u0119ksz\u0105 satysfakcj\u0119 z zakup\u00f3w.<\/p>\t\t\t\t\t\t\t\t<\/div>\n\t\t\t\t<\/div>\n\t\t\t\t\t<\/div>\n\t\t\t\t<\/div>\n\t\t\t\t<\/div>","protected":false},"excerpt":{"rendered":"<p>Cz\u0119\u015bci zamienne do Peugeota Boxera Cz\u0119\u015bci zamienne do Peugeota Boxera odgrywaj\u0105 istotn\u0105 rol\u0119 w bran\u017cy motoryzacyjnej, zw\u0142aszcza w kontek\u015bcie rosn\u0105cej liczby dost\u0119pnych produkt\u00f3w. Katalog FAST, zawieraj\u0105cy oko\u0142o 9000 element\u00f3w, u\u0142atwia sklepom i warsztatom dob\u00f3r odpowiednich cz\u0119\u015bci. Dzi\u0119ki integracji z mi\u0119dzynarodowym katalogiem TecDoc oraz znajomo\u015bci konstrukcji pojazd\u00f3w dostawczych proces ten staje si\u0119 szybszy i bardziej precyzyjny, [&hellip;]<\/p>\n","protected":false},"author":1,"featured_media":0,"parent":4319,"menu_order":0,"comment_status":"closed","ping_status":"closed","template":"","meta":{"site-sidebar-layout":"no-sidebar","site-content-layout":"page-builder","ast-site-content-layout":"full-width-container","site-content-style":"default","site-sidebar-style":"default","ast-global-header-display":"","ast-banner-title-visibility":"","ast-main-header-display":"","ast-hfb-above-header-display":"","ast-hfb-below-header-display":"","ast-hfb-mobile-header-display":"","site-post-title":"disabled","ast-breadcrumbs-content":"","ast-featured-img":"disabled","footer-sml-layout":"","theme-transparent-header-meta":"","adv-header-id-meta":"","stick-header-meta":"","header-above-stick-meta":"","header-main-stick-meta":"","header-below-stick-meta":"","astra-migrate-meta-layouts":"set","ast-page-background-enabled":"default","ast-page-background-meta":{"desktop":{"background-color":"var(--ast-global-color-4)","background-image":"","background-repeat":"repeat","background-position":"center center","background-size":"auto","background-attachment":"scroll","background-type":"","background-media":"","overlay-type":"","overlay-color":"","overlay-opacity":"","overlay-gradient":""},"tablet":{"background-color":"","background-image":"","background-repeat":"repeat","background-position":"center center","background-size":"auto","background-attachment":"scroll","background-type":"","background-media":"","overlay-type":"","overlay-color":"","overlay-opacity":"","overlay-gradient":""},"mobile":{"background-color":"","background-image":"","background-repeat":"repeat","background-position":"center center","background-size":"auto","background-attachment":"scroll","background-type":"","background-media":"","overlay-type":"","overlay-color":"","overlay-opacity":"","overlay-gradient":""}},"ast-content-background-meta":{"desktop":{"background-color":"var(--ast-global-color-5)","background-image":"","background-repeat":"repeat","background-position":"center center","background-size":"auto","background-attachment":"scroll","background-type":"","background-media":"","overlay-type":"","overlay-color":"","overlay-opacity":"","overlay-gradient":""},"tablet":{"background-color":"var(--ast-global-color-5)","background-image":"","background-repeat":"repeat","background-position":"center center","background-size":"auto","background-attachment":"scroll","background-type":"","background-media":"","overlay-type":"","overlay-color":"","overlay-opacity":"","overlay-gradient":""},"mobile":{"background-color":"var(--ast-global-color-5)","background-image":"","background-repeat":"repeat","background-position":"center center","background-size":"auto","background-attachment":"scroll","background-type":"","background-media":"","overlay-type":"","overlay-color":"","overlay-opacity":"","overlay-gradient":""}},"footnotes":""},"class_list":["post-4333","page","type-page","status-publish","hentry"],"yoast_head":"<!-- This site is optimized with the Yoast SEO Premium plugin v26.7 (Yoast SEO v27.0) - https:\/\/yoast.com\/product\/yoast-seo-premium-wordpress\/ -->\n<title>Spare parts for Peugeot Boxer - FAST Original UK<\/title>\n<meta name=\"robots\" content=\"index, follow, max-snippet:-1, max-image-preview:large, max-video-preview:-1\" \/>\n<link rel=\"canonical\" href=\"https:\/\/fastoriginal.eu\/it\/vans\/peugeot-boxer\/\" \/>\n<meta property=\"og:locale\" content=\"it_IT\" \/>\n<meta property=\"og:type\" content=\"article\" \/>\n<meta property=\"og:title\" content=\"Peugeot Boxer\" \/>\n<meta property=\"og:description\" content=\"Cz\u0119\u015bci zamienne do Peugeota Boxera Cz\u0119\u015bci zamienne do Peugeota Boxera odgrywaj\u0105 istotn\u0105 rol\u0119 w bran\u017cy motoryzacyjnej, zw\u0142aszcza w kontek\u015bcie rosn\u0105cej liczby dost\u0119pnych produkt\u00f3w. Katalog FAST, zawieraj\u0105cy oko\u0142o 9000 element\u00f3w, u\u0142atwia sklepom i warsztatom dob\u00f3r odpowiednich cz\u0119\u015bci. Dzi\u0119ki integracji z mi\u0119dzynarodowym katalogiem TecDoc oraz znajomo\u015bci konstrukcji pojazd\u00f3w dostawczych proces ten staje si\u0119 szybszy i bardziej precyzyjny, [&hellip;]\" \/>\n<meta property=\"og:url\" content=\"https:\/\/fastoriginal.eu\/it\/vans\/peugeot-boxer\/\" \/>\n<meta property=\"og:site_name\" content=\"FAST Original\" \/>\n<meta property=\"article:publisher\" content=\"https:\/\/www.facebook.com\/fastoriginal\" \/>\n<meta property=\"article:modified_time\" content=\"2025-02-24T11:35:54+00:00\" \/>\n<meta name=\"twitter:card\" content=\"summary_large_image\" \/>\n<script type=\"application\/ld+json\" class=\"yoast-schema-graph\">{\"@context\":\"https:\/\/schema.org\",\"@graph\":[{\"@type\":\"WebPage\",\"@id\":\"https:\/\/fastoriginal.eu\/vans\/peugeot-boxer\/\",\"url\":\"https:\/\/fastoriginal.eu\/vans\/peugeot-boxer\/\",\"name\":\"Spare parts for Peugeot Boxer - FAST Original UK\",\"isPartOf\":{\"@id\":\"https:\/\/fastoriginal.eu\/#website\"},\"datePublished\":\"2025-02-05T09:52:49+00:00\",\"dateModified\":\"2025-02-24T11:35:54+00:00\",\"breadcrumb\":{\"@id\":\"https:\/\/fastoriginal.eu\/vans\/peugeot-boxer\/#breadcrumb\"},\"inLanguage\":\"it-IT\",\"potentialAction\":[{\"@type\":\"ReadAction\",\"target\":[\"https:\/\/fastoriginal.eu\/vans\/peugeot-boxer\/\"]}]},{\"@type\":\"BreadcrumbList\",\"@id\":\"https:\/\/fastoriginal.eu\/vans\/peugeot-boxer\/#breadcrumb\",\"itemListElement\":[{\"@type\":\"ListItem\",\"position\":1,\"name\":\"Strona g\u0142\u00f3wna\",\"item\":\"https:\/\/fastoriginal.eu\/\"},{\"@type\":\"ListItem\",\"position\":2,\"name\":\"Vans\",\"item\":\"https:\/\/fastoriginal.eu\/vans\/\"},{\"@type\":\"ListItem\",\"position\":3,\"name\":\"Peugeot Boxer\"}]},{\"@type\":\"WebSite\",\"@id\":\"https:\/\/fastoriginal.eu\/#website\",\"url\":\"https:\/\/fastoriginal.eu\/\",\"name\":\"FAST Original\",\"description\":\"Producent cz\u0119\u015bci do samochod\u00f3w dostawczych i osobowych\",\"publisher\":{\"@id\":\"https:\/\/fastoriginal.eu\/#organization\"},\"potentialAction\":[{\"@type\":\"SearchAction\",\"target\":{\"@type\":\"EntryPoint\",\"urlTemplate\":\"https:\/\/fastoriginal.eu\/?s={search_term_string}\"},\"query-input\":{\"@type\":\"PropertyValueSpecification\",\"valueRequired\":true,\"valueName\":\"search_term_string\"}}],\"inLanguage\":\"it-IT\"},{\"@type\":\"Organization\",\"@id\":\"https:\/\/fastoriginal.eu\/#organization\",\"name\":\"FAST Original\",\"url\":\"https:\/\/fastoriginal.eu\/\",\"logo\":{\"@type\":\"ImageObject\",\"inLanguage\":\"it-IT\",\"@id\":\"https:\/\/fastoriginal.eu\/#\/schema\/logo\/image\/\",\"url\":\"https:\/\/fastoriginal.eu\/wp-content\/uploads\/2026\/03\/cropped-fast_original_logo.png\",\"contentUrl\":\"https:\/\/fastoriginal.eu\/wp-content\/uploads\/2026\/03\/cropped-fast_original_logo.png\",\"width\":500,\"height\":167,\"caption\":\"FAST Original\"},\"image\":{\"@id\":\"https:\/\/fastoriginal.eu\/#\/schema\/logo\/image\/\"},\"sameAs\":[\"https:\/\/www.facebook.com\/fastoriginal\",\"https:\/\/www.youtube.com\/@buskana-vankingcelkargroup8830\",\"https:\/\/www.linkedin.com\/showcase\/fast-be-sure\/\"],\"numberOfEmployees\":{\"@type\":\"QuantitativeValue\",\"minValue\":\"201\",\"maxValue\":\"500\"}}]}<\/script>\n<!-- \/ Yoast SEO Premium plugin. -->","yoast_head_json":{"title":"Spare parts for Peugeot Boxer - FAST Original UK","robots":{"index":"index","follow":"follow","max-snippet":"max-snippet:-1","max-image-preview":"max-image-preview:large","max-video-preview":"max-video-preview:-1"},"canonical":"https:\/\/fastoriginal.eu\/it\/vans\/peugeot-boxer\/","og_locale":"it_IT","og_type":"article","og_title":"Peugeot Boxer","og_description":"Cz\u0119\u015bci zamienne do Peugeota Boxera Cz\u0119\u015bci zamienne do Peugeota Boxera odgrywaj\u0105 istotn\u0105 rol\u0119 w bran\u017cy motoryzacyjnej, zw\u0142aszcza w kontek\u015bcie rosn\u0105cej liczby dost\u0119pnych produkt\u00f3w. Katalog FAST, zawieraj\u0105cy oko\u0142o 9000 element\u00f3w, u\u0142atwia sklepom i warsztatom dob\u00f3r odpowiednich cz\u0119\u015bci. Dzi\u0119ki integracji z mi\u0119dzynarodowym katalogiem TecDoc oraz znajomo\u015bci konstrukcji pojazd\u00f3w dostawczych proces ten staje si\u0119 szybszy i bardziej precyzyjny, [&hellip;]","og_url":"https:\/\/fastoriginal.eu\/it\/vans\/peugeot-boxer\/","og_site_name":"FAST Original","article_publisher":"https:\/\/www.facebook.com\/fastoriginal","article_modified_time":"2025-02-24T11:35:54+00:00","twitter_card":"summary_large_image","schema":{"@context":"https:\/\/schema.org","@graph":[{"@type":"WebPage","@id":"https:\/\/fastoriginal.eu\/vans\/peugeot-boxer\/","url":"https:\/\/fastoriginal.eu\/vans\/peugeot-boxer\/","name":"Spare parts for Peugeot Boxer - FAST Original UK","isPartOf":{"@id":"https:\/\/fastoriginal.eu\/#website"},"datePublished":"2025-02-05T09:52:49+00:00","dateModified":"2025-02-24T11:35:54+00:00","breadcrumb":{"@id":"https:\/\/fastoriginal.eu\/vans\/peugeot-boxer\/#breadcrumb"},"inLanguage":"it-IT","potentialAction":[{"@type":"ReadAction","target":["https:\/\/fastoriginal.eu\/vans\/peugeot-boxer\/"]}]},{"@type":"BreadcrumbList","@id":"https:\/\/fastoriginal.eu\/vans\/peugeot-boxer\/#breadcrumb","itemListElement":[{"@type":"ListItem","position":1,"name":"Strona g\u0142\u00f3wna","item":"https:\/\/fastoriginal.eu\/"},{"@type":"ListItem","position":2,"name":"Vans","item":"https:\/\/fastoriginal.eu\/vans\/"},{"@type":"ListItem","position":3,"name":"Peugeot Boxer"}]},{"@type":"WebSite","@id":"https:\/\/fastoriginal.eu\/#website","url":"https:\/\/fastoriginal.eu\/","name":"FAST Original","description":"Producent cz\u0119\u015bci do samochod\u00f3w dostawczych i osobowych","publisher":{"@id":"https:\/\/fastoriginal.eu\/#organization"},"potentialAction":[{"@type":"SearchAction","target":{"@type":"EntryPoint","urlTemplate":"https:\/\/fastoriginal.eu\/?s={search_term_string}"},"query-input":{"@type":"PropertyValueSpecification","valueRequired":true,"valueName":"search_term_string"}}],"inLanguage":"it-IT"},{"@type":"Organization","@id":"https:\/\/fastoriginal.eu\/#organization","name":"FAST Original","url":"https:\/\/fastoriginal.eu\/","logo":{"@type":"ImageObject","inLanguage":"it-IT","@id":"https:\/\/fastoriginal.eu\/#\/schema\/logo\/image\/","url":"https:\/\/fastoriginal.eu\/wp-content\/uploads\/2026\/03\/cropped-fast_original_logo.png","contentUrl":"https:\/\/fastoriginal.eu\/wp-content\/uploads\/2026\/03\/cropped-fast_original_logo.png","width":500,"height":167,"caption":"FAST Original"},"image":{"@id":"https:\/\/fastoriginal.eu\/#\/schema\/logo\/image\/"},"sameAs":["https:\/\/www.facebook.com\/fastoriginal","https:\/\/www.youtube.com\/@buskana-vankingcelkargroup8830","https:\/\/www.linkedin.com\/showcase\/fast-be-sure\/"],"numberOfEmployees":{"@type":"QuantitativeValue","minValue":"201","maxValue":"500"}}]}},"_links":{"self":[{"href":"https:\/\/fastoriginal.eu\/it\/wp-json\/wp\/v2\/pages\/4333","targetHints":{"allow":["GET"]}}],"collection":[{"href":"https:\/\/fastoriginal.eu\/it\/wp-json\/wp\/v2\/pages"}],"about":[{"href":"https:\/\/fastoriginal.eu\/it\/wp-json\/wp\/v2\/types\/page"}],"author":[{"embeddable":true,"href":"https:\/\/fastoriginal.eu\/it\/wp-json\/wp\/v2\/users\/1"}],"replies":[{"embeddable":true,"href":"https:\/\/fastoriginal.eu\/it\/wp-json\/wp\/v2\/comments?post=4333"}],"version-history":[{"count":8,"href":"https:\/\/fastoriginal.eu\/it\/wp-json\/wp\/v2\/pages\/4333\/revisions"}],"predecessor-version":[{"id":4623,"href":"https:\/\/fastoriginal.eu\/it\/wp-json\/wp\/v2\/pages\/4333\/revisions\/4623"}],"up":[{"embeddable":true,"href":"https:\/\/fastoriginal.eu\/it\/wp-json\/wp\/v2\/pages\/4319"}],"wp:attachment":[{"href":"https:\/\/fastoriginal.eu\/it\/wp-json\/wp\/v2\/media?parent=4333"}],"curies":[{"name":"wp","href":"https:\/\/api.w.org\/{rel}","templated":true}]}}