{"id":3872,"date":"2024-04-17T13:52:35","date_gmt":"2024-04-17T11:52:35","guid":{"rendered":"https:\/\/fastoriginal.eu\/?page_id=3872"},"modified":"2024-04-17T13:54:44","modified_gmt":"2024-04-17T11:54:44","slug":"polityka-prywatnosci","status":"publish","type":"page","link":"https:\/\/fastoriginal.eu\/es\/polityka-prywatnosci\/","title":{"rendered":"Polityka Prywatno\u015bci"},"content":{"rendered":"<div data-elementor-type=\"wp-page\" data-elementor-id=\"3872\" class=\"elementor elementor-3872\" data-elementor-post-type=\"page\">\n\t\t\t\t<div class=\"elementor-element elementor-element-cd58548 e-flex e-con-boxed e-con e-parent\" data-id=\"cd58548\" data-element_type=\"container\" data-e-type=\"container\">\n\t\t\t\t\t<div class=\"e-con-inner\">\n\t\t<div class=\"elementor-element elementor-element-41b67e0 e-flex e-con-boxed elementor-invisible e-con e-child\" data-id=\"41b67e0\" data-element_type=\"container\" data-e-type=\"container\" data-settings=\"{&quot;animation&quot;:&quot;fadeIn&quot;}\">\n\t\t\t\t\t<div class=\"e-con-inner\">\n\t\t\t\t<div class=\"elementor-element elementor-element-bff3306 elementor--h-position-center elementor--v-position-middle elementor-widget elementor-widget-slides\" data-id=\"bff3306\" data-element_type=\"widget\" data-e-type=\"widget\" data-settings=\"{&quot;navigation&quot;:&quot;none&quot;,&quot;autoplay_speed&quot;:4000,&quot;transition&quot;:&quot;fade&quot;,&quot;autoplay&quot;:&quot;yes&quot;,&quot;pause_on_interaction&quot;:&quot;yes&quot;,&quot;infinite&quot;:&quot;yes&quot;,&quot;transition_speed&quot;:500}\" data-widget_type=\"slides.default\">\n\t\t\t\t<div class=\"elementor-widget-container\">\n\t\t\t\t\t\t\t\t\t<div class=\"elementor-swiper\">\n\t\t\t\t\t<div class=\"elementor-slides-wrapper elementor-main-swiper swiper\" role=\"region\" aria-roledescription=\"carousel\" aria-label=\"Diapositivas\" dir=\"ltr\" data-animation=\"fadeInUp\">\n\t\t\t\t<div class=\"swiper-wrapper elementor-slides\">\n\t\t\t\t\t\t\t\t\t\t<div class=\"elementor-repeater-item-12d4d49 swiper-slide\" role=\"group\" aria-roledescription=\"slide\"><div class=\"swiper-slide-bg elementor-ken-burns elementor-ken-burns--in\" role=\"img\" aria-label=\"slajder-kontakt\"><\/div><div class=\"elementor-background-overlay\"><\/div><div class=\"swiper-slide-inner\" ><div class=\"swiper-slide-contents\"><div class=\"elementor-slide-heading\">Privacy policy<\/div><\/div><\/div><\/div>\t\t\t\t<\/div>\n\t\t\t\t\t\t\t<\/div>\n\t\t\t\t<\/div>\n\t\t\t\t\t\t\t\t<\/div>\n\t\t\t\t<\/div>\n\t\t\t\t\t<\/div>\n\t\t\t\t<\/div>\n\t\t\t\t\t<\/div>\n\t\t\t\t<\/div>\n\t\t<div class=\"elementor-element elementor-element-26fcf06 e-flex e-con-boxed e-con e-parent\" data-id=\"26fcf06\" data-element_type=\"container\" data-e-type=\"container\">\n\t\t\t\t\t<div class=\"e-con-inner\">\n\t\t\t\t<div class=\"elementor-element elementor-element-0e51129 elementor-align-center elementor-widget elementor-widget-button\" data-id=\"0e51129\" data-element_type=\"widget\" data-e-type=\"widget\" data-no-translation=\"\" data-widget_type=\"button.default\">\n\t\t\t\t<div class=\"elementor-widget-container\">\n\t\t\t\t\t<style>.elementor-element-0e51129{display:none !important}<\/style>\t\t\t\t<\/div>\n\t\t\t\t<\/div>\n\t\t\t\t<div class=\"elementor-element elementor-element-8d63293 elementor-align-center elementor-widget elementor-widget-button\" data-id=\"8d63293\" data-element_type=\"widget\" data-e-type=\"widget\" data-widget_type=\"button.default\">\n\t\t\t\t<div class=\"elementor-widget-container\">\n\t\t\t\t\t\t\t\t\t<div class=\"elementor-button-wrapper\">\n\t\t\t\t\t<a class=\"elementor-button elementor-button-link elementor-size-sm\" href=\"https:\/\/fastoriginal.eu\/wp-content\/uploads\/2024\/03\/I.-VK-PSA-Polityka-ochrony-danych-osobowych-en.pdf\">\n\t\t\t\t\t\t<span class=\"elementor-button-content-wrapper\">\n\t\t\t\t\t\t\t\t\t<span class=\"elementor-button-text\">Download our \"Privacy policy\" document <\/span>\n\t\t\t\t\t<\/span>\n\t\t\t\t\t<\/a>\n\t\t\t\t<\/div>\n\t\t\t\t\t\t\t\t<\/div>\n\t\t\t\t<\/div>\n\t\t\t\t\t<\/div>\n\t\t\t\t<\/div>\n\t\t\t\t<\/div>","protected":false},"excerpt":{"rendered":"<p>Polityka prywatno\u015bci Zobacz dokument &#8222;Polityka prywatno\u015bci&#8221;<\/p>","protected":false},"author":1,"featured_media":0,"parent":0,"menu_order":0,"comment_status":"closed","ping_status":"closed","template":"","meta":{"_acf_changed":false,"site-sidebar-layout":"no-sidebar","site-content-layout":"page-builder","ast-site-content-layout":"full-width-container","site-content-style":"default","site-sidebar-style":"default","ast-global-header-display":"","ast-banner-title-visibility":"","ast-main-header-display":"","ast-hfb-above-header-display":"","ast-hfb-below-header-display":"","ast-hfb-mobile-header-display":"","site-post-title":"disabled","ast-breadcrumbs-content":"","ast-featured-img":"disabled","footer-sml-layout":"","theme-transparent-header-meta":"","adv-header-id-meta":"","stick-header-meta":"","header-above-stick-meta":"","header-main-stick-meta":"","header-below-stick-meta":"","astra-migrate-meta-layouts":"set","ast-page-background-enabled":"default","ast-page-background-meta":{"desktop":{"background-color":"var(--ast-global-color-4)","background-image":"","background-repeat":"repeat","background-position":"center center","background-size":"auto","background-attachment":"scroll","background-type":"","background-media":"","overlay-type":"","overlay-color":"","overlay-opacity":"","overlay-gradient":""},"tablet":{"background-color":"","background-image":"","background-repeat":"repeat","background-position":"center center","background-size":"auto","background-attachment":"scroll","background-type":"","background-media":"","overlay-type":"","overlay-color":"","overlay-opacity":"","overlay-gradient":""},"mobile":{"background-color":"","background-image":"","background-repeat":"repeat","background-position":"center center","background-size":"auto","background-attachment":"scroll","background-type":"","background-media":"","overlay-type":"","overlay-color":"","overlay-opacity":"","overlay-gradient":""}},"ast-content-background-meta":{"desktop":{"background-color":"var(--ast-global-color-5)","background-image":"","background-repeat":"repeat","background-position":"center center","background-size":"auto","background-attachment":"scroll","background-type":"","background-media":"","overlay-type":"","overlay-color":"","overlay-opacity":"","overlay-gradient":""},"tablet":{"background-color":"var(--ast-global-color-5)","background-image":"","background-repeat":"repeat","background-position":"center center","background-size":"auto","background-attachment":"scroll","background-type":"","background-media":"","overlay-type":"","overlay-color":"","overlay-opacity":"","overlay-gradient":""},"mobile":{"background-color":"var(--ast-global-color-5)","background-image":"","background-repeat":"repeat","background-position":"center center","background-size":"auto","background-attachment":"scroll","background-type":"","background-media":"","overlay-type":"","overlay-color":"","overlay-opacity":"","overlay-gradient":""}},"footnotes":""},"class_list":["post-3872","page","type-page","status-publish","hentry"],"acf":[],"yoast_head":"<!-- This site is optimized with the Yoast SEO Premium plugin v26.7 (Yoast SEO v27.4) - https:\/\/yoast.com\/product\/yoast-seo-premium-wordpress\/ -->\n<title>Polityka Prywatno\u015bci - FAST Original<\/title>\n<meta name=\"robots\" content=\"index, follow, max-snippet:-1, max-image-preview:large, max-video-preview:-1\" \/>\n<link rel=\"canonical\" href=\"https:\/\/fastoriginal.eu\/es\/polityka-prywatnosci\/\" \/>\n<script type=\"application\/ld+json\" class=\"yoast-schema-graph\">{\"@context\":\"https:\\\/\\\/schema.org\",\"@graph\":[{\"@type\":\"WebPage\",\"@id\":\"https:\\\/\\\/fastoriginal.eu\\\/polityka-prywatnosci\\\/\",\"url\":\"https:\\\/\\\/fastoriginal.eu\\\/polityka-prywatnosci\\\/\",\"name\":\"Polityka Prywatno\u015bci - FAST Original\",\"isPartOf\":{\"@id\":\"https:\\\/\\\/fastoriginal.eu\\\/#website\"},\"datePublished\":\"2024-04-17T11:52:35+00:00\",\"dateModified\":\"2024-04-17T11:54:44+00:00\",\"breadcrumb\":{\"@id\":\"https:\\\/\\\/fastoriginal.eu\\\/polityka-prywatnosci\\\/#breadcrumb\"},\"inLanguage\":\"es\",\"potentialAction\":[{\"@type\":\"ReadAction\",\"target\":[\"https:\\\/\\\/fastoriginal.eu\\\/polityka-prywatnosci\\\/\"]}]},{\"@type\":\"BreadcrumbList\",\"@id\":\"https:\\\/\\\/fastoriginal.eu\\\/polityka-prywatnosci\\\/#breadcrumb\",\"itemListElement\":[{\"@type\":\"ListItem\",\"position\":1,\"name\":\"Strona g\u0142\u00f3wna\",\"item\":\"https:\\\/\\\/fastoriginal.eu\\\/\"},{\"@type\":\"ListItem\",\"position\":2,\"name\":\"Polityka Prywatno\u015bci\"}]},{\"@type\":\"WebSite\",\"@id\":\"https:\\\/\\\/fastoriginal.eu\\\/#website\",\"url\":\"https:\\\/\\\/fastoriginal.eu\\\/\",\"name\":\"FAST Original\",\"description\":\"Producent cz\u0119\u015bci do samochod\u00f3w dostawczych i osobowych\",\"publisher\":{\"@id\":\"https:\\\/\\\/fastoriginal.eu\\\/#organization\"},\"potentialAction\":[{\"@type\":\"SearchAction\",\"target\":{\"@type\":\"EntryPoint\",\"urlTemplate\":\"https:\\\/\\\/fastoriginal.eu\\\/?s={search_term_string}\"},\"query-input\":{\"@type\":\"PropertyValueSpecification\",\"valueRequired\":true,\"valueName\":\"search_term_string\"}}],\"inLanguage\":\"es\"},{\"@type\":\"Organization\",\"@id\":\"https:\\\/\\\/fastoriginal.eu\\\/#organization\",\"name\":\"FAST Original\",\"url\":\"https:\\\/\\\/fastoriginal.eu\\\/\",\"logo\":{\"@type\":\"ImageObject\",\"inLanguage\":\"es\",\"@id\":\"https:\\\/\\\/fastoriginal.eu\\\/#\\\/schema\\\/logo\\\/image\\\/\",\"url\":\"https:\\\/\\\/fastoriginal.eu\\\/wp-content\\\/uploads\\\/2026\\\/03\\\/cropped-fast_original_logo.png\",\"contentUrl\":\"https:\\\/\\\/fastoriginal.eu\\\/wp-content\\\/uploads\\\/2026\\\/03\\\/cropped-fast_original_logo.png\",\"width\":500,\"height\":167,\"caption\":\"FAST Original\"},\"image\":{\"@id\":\"https:\\\/\\\/fastoriginal.eu\\\/#\\\/schema\\\/logo\\\/image\\\/\"},\"sameAs\":[\"https:\\\/\\\/www.facebook.com\\\/fastoriginal\",\"https:\\\/\\\/www.youtube.com\\\/@buskana-vankingcelkargroup8830\",\"https:\\\/\\\/www.linkedin.com\\\/showcase\\\/fast-be-sure\\\/\"],\"numberOfEmployees\":{\"@type\":\"QuantitativeValue\",\"minValue\":\"201\",\"maxValue\":\"500\"}}]}<\/script>\n<!-- \/ Yoast SEO Premium plugin. -->","yoast_head_json":{"title":"Polityka Prywatno\u015bci - FAST Original","robots":{"index":"index","follow":"follow","max-snippet":"max-snippet:-1","max-image-preview":"max-image-preview:large","max-video-preview":"max-video-preview:-1"},"canonical":"https:\/\/fastoriginal.eu\/es\/polityka-prywatnosci\/","schema":{"@context":"https:\/\/schema.org","@graph":[{"@type":"WebPage","@id":"https:\/\/fastoriginal.eu\/polityka-prywatnosci\/","url":"https:\/\/fastoriginal.eu\/polityka-prywatnosci\/","name":"Polityka Prywatno\u015bci - FAST Original","isPartOf":{"@id":"https:\/\/fastoriginal.eu\/#website"},"datePublished":"2024-04-17T11:52:35+00:00","dateModified":"2024-04-17T11:54:44+00:00","breadcrumb":{"@id":"https:\/\/fastoriginal.eu\/polityka-prywatnosci\/#breadcrumb"},"inLanguage":"es","potentialAction":[{"@type":"ReadAction","target":["https:\/\/fastoriginal.eu\/polityka-prywatnosci\/"]}]},{"@type":"BreadcrumbList","@id":"https:\/\/fastoriginal.eu\/polityka-prywatnosci\/#breadcrumb","itemListElement":[{"@type":"ListItem","position":1,"name":"Strona g\u0142\u00f3wna","item":"https:\/\/fastoriginal.eu\/"},{"@type":"ListItem","position":2,"name":"Polityka Prywatno\u015bci"}]},{"@type":"WebSite","@id":"https:\/\/fastoriginal.eu\/#website","url":"https:\/\/fastoriginal.eu\/","name":"FAST Original","description":"Producent cz\u0119\u015bci do samochod\u00f3w dostawczych i osobowych","publisher":{"@id":"https:\/\/fastoriginal.eu\/#organization"},"potentialAction":[{"@type":"SearchAction","target":{"@type":"EntryPoint","urlTemplate":"https:\/\/fastoriginal.eu\/?s={search_term_string}"},"query-input":{"@type":"PropertyValueSpecification","valueRequired":true,"valueName":"search_term_string"}}],"inLanguage":"es"},{"@type":"Organization","@id":"https:\/\/fastoriginal.eu\/#organization","name":"FAST Original","url":"https:\/\/fastoriginal.eu\/","logo":{"@type":"ImageObject","inLanguage":"es","@id":"https:\/\/fastoriginal.eu\/#\/schema\/logo\/image\/","url":"https:\/\/fastoriginal.eu\/wp-content\/uploads\/2026\/03\/cropped-fast_original_logo.png","contentUrl":"https:\/\/fastoriginal.eu\/wp-content\/uploads\/2026\/03\/cropped-fast_original_logo.png","width":500,"height":167,"caption":"FAST Original"},"image":{"@id":"https:\/\/fastoriginal.eu\/#\/schema\/logo\/image\/"},"sameAs":["https:\/\/www.facebook.com\/fastoriginal","https:\/\/www.youtube.com\/@buskana-vankingcelkargroup8830","https:\/\/www.linkedin.com\/showcase\/fast-be-sure\/"],"numberOfEmployees":{"@type":"QuantitativeValue","minValue":"201","maxValue":"500"}}]}},"_links":{"self":[{"href":"https:\/\/fastoriginal.eu\/es\/wp-json\/wp\/v2\/pages\/3872","targetHints":{"allow":["GET"]}}],"collection":[{"href":"https:\/\/fastoriginal.eu\/es\/wp-json\/wp\/v2\/pages"}],"about":[{"href":"https:\/\/fastoriginal.eu\/es\/wp-json\/wp\/v2\/types\/page"}],"author":[{"embeddable":true,"href":"https:\/\/fastoriginal.eu\/es\/wp-json\/wp\/v2\/users\/1"}],"replies":[{"embeddable":true,"href":"https:\/\/fastoriginal.eu\/es\/wp-json\/wp\/v2\/comments?post=3872"}],"version-history":[{"count":7,"href":"https:\/\/fastoriginal.eu\/es\/wp-json\/wp\/v2\/pages\/3872\/revisions"}],"predecessor-version":[{"id":3880,"href":"https:\/\/fastoriginal.eu\/es\/wp-json\/wp\/v2\/pages\/3872\/revisions\/3880"}],"wp:attachment":[{"href":"https:\/\/fastoriginal.eu\/es\/wp-json\/wp\/v2\/media?parent=3872"}],"curies":[{"name":"wp","href":"https:\/\/api.w.org\/{rel}","templated":true}]}}