{"id":4342,"date":"2025-02-05T11:02:27","date_gmt":"2025-02-05T10:02:27","guid":{"rendered":"https:\/\/fastoriginal.eu\/?page_id=4342"},"modified":"2025-02-24T12:35:05","modified_gmt":"2025-02-24T11:35:05","slug":"lcv","status":"publish","type":"page","link":"https:\/\/fastoriginal.eu\/en\/lcv\/","title":{"rendered":"lcv"},"content":{"rendered":"","protected":false},"excerpt":{"rendered":"","protected":false},"author":1,"featured_media":0,"parent":0,"menu_order":0,"comment_status":"closed","ping_status":"closed","template":"","meta":{"_acf_changed":false,"site-sidebar-layout":"default","site-content-layout":"","ast-site-content-layout":"default","site-content-style":"default","site-sidebar-style":"default","ast-global-header-display":"","ast-banner-title-visibility":"","ast-main-header-display":"","ast-hfb-above-header-display":"","ast-hfb-below-header-display":"","ast-hfb-mobile-header-display":"","site-post-title":"","ast-breadcrumbs-content":"","ast-featured-img":"","footer-sml-layout":"","theme-transparent-header-meta":"","adv-header-id-meta":"","stick-header-meta":"","header-above-stick-meta":"","header-main-stick-meta":"","header-below-stick-meta":"","astra-migrate-meta-layouts":"set","ast-page-background-enabled":"default","ast-page-background-meta":{"desktop":{"background-color":"var(--ast-global-color-4)","background-image":"","background-repeat":"repeat","background-position":"center center","background-size":"auto","background-attachment":"scroll","background-type":"","background-media":"","overlay-type":"","overlay-color":"","overlay-opacity":"","overlay-gradient":""},"tablet":{"background-color":"","background-image":"","background-repeat":"repeat","background-position":"center center","background-size":"auto","background-attachment":"scroll","background-type":"","background-media":"","overlay-type":"","overlay-color":"","overlay-opacity":"","overlay-gradient":""},"mobile":{"background-color":"","background-image":"","background-repeat":"repeat","background-position":"center center","background-size":"auto","background-attachment":"scroll","background-type":"","background-media":"","overlay-type":"","overlay-color":"","overlay-opacity":"","overlay-gradient":""}},"ast-content-background-meta":{"desktop":{"background-color":"var(--ast-global-color-5)","background-image":"","background-repeat":"repeat","background-position":"center center","background-size":"auto","background-attachment":"scroll","background-type":"","background-media":"","overlay-type":"","overlay-color":"","overlay-opacity":"","overlay-gradient":""},"tablet":{"background-color":"var(--ast-global-color-5)","background-image":"","background-repeat":"repeat","background-position":"center center","background-size":"auto","background-attachment":"scroll","background-type":"","background-media":"","overlay-type":"","overlay-color":"","overlay-opacity":"","overlay-gradient":""},"mobile":{"background-color":"var(--ast-global-color-5)","background-image":"","background-repeat":"repeat","background-position":"center center","background-size":"auto","background-attachment":"scroll","background-type":"","background-media":"","overlay-type":"","overlay-color":"","overlay-opacity":"","overlay-gradient":""}},"footnotes":""},"class_list":["post-4342","page","type-page","status-publish","hentry"],"acf":[],"yoast_head":"<!-- This site is optimized with the Yoast SEO Premium plugin v26.7 (Yoast SEO v27.4) - https:\/\/yoast.com\/product\/yoast-seo-premium-wordpress\/ -->\n<title>LCV parts - light commercial vehicles - FAST Original UK<\/title>\n<meta name=\"robots\" content=\"index, follow, max-snippet:-1, max-image-preview:large, max-video-preview:-1\" \/>\n<link rel=\"canonical\" href=\"https:\/\/fastoriginal.eu\/en\/lcv\/\" \/>\n<script type=\"application\/ld+json\" class=\"yoast-schema-graph\">{\"@context\":\"https:\\\/\\\/schema.org\",\"@graph\":[{\"@type\":\"WebPage\",\"@id\":\"https:\\\/\\\/fastoriginal.eu\\\/lcv\\\/\",\"url\":\"https:\\\/\\\/fastoriginal.eu\\\/lcv\\\/\",\"name\":\"LCV parts - light commercial vehicles - FAST Original UK\",\"isPartOf\":{\"@id\":\"https:\\\/\\\/fastoriginal.eu\\\/#website\"},\"datePublished\":\"2025-02-05T10:02:27+00:00\",\"dateModified\":\"2025-02-24T11:35:05+00:00\",\"breadcrumb\":{\"@id\":\"https:\\\/\\\/fastoriginal.eu\\\/lcv\\\/#breadcrumb\"},\"inLanguage\":\"en-GB\",\"potentialAction\":[{\"@type\":\"ReadAction\",\"target\":[\"https:\\\/\\\/fastoriginal.eu\\\/lcv\\\/\"]}]},{\"@type\":\"BreadcrumbList\",\"@id\":\"https:\\\/\\\/fastoriginal.eu\\\/lcv\\\/#breadcrumb\",\"itemListElement\":[{\"@type\":\"ListItem\",\"position\":1,\"name\":\"Strona g\u0142\u00f3wna\",\"item\":\"https:\\\/\\\/fastoriginal.eu\\\/\"},{\"@type\":\"ListItem\",\"position\":2,\"name\":\"lcv\"}]},{\"@type\":\"WebSite\",\"@id\":\"https:\\\/\\\/fastoriginal.eu\\\/#website\",\"url\":\"https:\\\/\\\/fastoriginal.eu\\\/\",\"name\":\"FAST Original\",\"description\":\"Producent cz\u0119\u015bci do samochod\u00f3w dostawczych i osobowych\",\"publisher\":{\"@id\":\"https:\\\/\\\/fastoriginal.eu\\\/#organization\"},\"potentialAction\":[{\"@type\":\"SearchAction\",\"target\":{\"@type\":\"EntryPoint\",\"urlTemplate\":\"https:\\\/\\\/fastoriginal.eu\\\/?s={search_term_string}\"},\"query-input\":{\"@type\":\"PropertyValueSpecification\",\"valueRequired\":true,\"valueName\":\"search_term_string\"}}],\"inLanguage\":\"en-GB\"},{\"@type\":\"Organization\",\"@id\":\"https:\\\/\\\/fastoriginal.eu\\\/#organization\",\"name\":\"FAST Original\",\"url\":\"https:\\\/\\\/fastoriginal.eu\\\/\",\"logo\":{\"@type\":\"ImageObject\",\"inLanguage\":\"en-GB\",\"@id\":\"https:\\\/\\\/fastoriginal.eu\\\/#\\\/schema\\\/logo\\\/image\\\/\",\"url\":\"https:\\\/\\\/fastoriginal.eu\\\/wp-content\\\/uploads\\\/2026\\\/03\\\/cropped-fast_original_logo.png\",\"contentUrl\":\"https:\\\/\\\/fastoriginal.eu\\\/wp-content\\\/uploads\\\/2026\\\/03\\\/cropped-fast_original_logo.png\",\"width\":500,\"height\":167,\"caption\":\"FAST Original\"},\"image\":{\"@id\":\"https:\\\/\\\/fastoriginal.eu\\\/#\\\/schema\\\/logo\\\/image\\\/\"},\"sameAs\":[\"https:\\\/\\\/www.facebook.com\\\/fastoriginal\",\"https:\\\/\\\/www.youtube.com\\\/@buskana-vankingcelkargroup8830\",\"https:\\\/\\\/www.linkedin.com\\\/showcase\\\/fast-be-sure\\\/\"],\"numberOfEmployees\":{\"@type\":\"QuantitativeValue\",\"minValue\":\"201\",\"maxValue\":\"500\"}}]}<\/script>\n<!-- \/ Yoast SEO Premium plugin. -->","yoast_head_json":{"title":"LCV parts - light commercial vehicles - FAST Original UK","robots":{"index":"index","follow":"follow","max-snippet":"max-snippet:-1","max-image-preview":"max-image-preview:large","max-video-preview":"max-video-preview:-1"},"canonical":"https:\/\/fastoriginal.eu\/en\/lcv\/","schema":{"@context":"https:\/\/schema.org","@graph":[{"@type":"WebPage","@id":"https:\/\/fastoriginal.eu\/lcv\/","url":"https:\/\/fastoriginal.eu\/lcv\/","name":"LCV parts - light commercial vehicles - FAST Original UK","isPartOf":{"@id":"https:\/\/fastoriginal.eu\/#website"},"datePublished":"2025-02-05T10:02:27+00:00","dateModified":"2025-02-24T11:35:05+00:00","breadcrumb":{"@id":"https:\/\/fastoriginal.eu\/lcv\/#breadcrumb"},"inLanguage":"en-GB","potentialAction":[{"@type":"ReadAction","target":["https:\/\/fastoriginal.eu\/lcv\/"]}]},{"@type":"BreadcrumbList","@id":"https:\/\/fastoriginal.eu\/lcv\/#breadcrumb","itemListElement":[{"@type":"ListItem","position":1,"name":"Strona g\u0142\u00f3wna","item":"https:\/\/fastoriginal.eu\/"},{"@type":"ListItem","position":2,"name":"lcv"}]},{"@type":"WebSite","@id":"https:\/\/fastoriginal.eu\/#website","url":"https:\/\/fastoriginal.eu\/","name":"FAST Original","description":"Producent cz\u0119\u015bci do samochod\u00f3w dostawczych i osobowych","publisher":{"@id":"https:\/\/fastoriginal.eu\/#organization"},"potentialAction":[{"@type":"SearchAction","target":{"@type":"EntryPoint","urlTemplate":"https:\/\/fastoriginal.eu\/?s={search_term_string}"},"query-input":{"@type":"PropertyValueSpecification","valueRequired":true,"valueName":"search_term_string"}}],"inLanguage":"en-GB"},{"@type":"Organization","@id":"https:\/\/fastoriginal.eu\/#organization","name":"FAST Original","url":"https:\/\/fastoriginal.eu\/","logo":{"@type":"ImageObject","inLanguage":"en-GB","@id":"https:\/\/fastoriginal.eu\/#\/schema\/logo\/image\/","url":"https:\/\/fastoriginal.eu\/wp-content\/uploads\/2026\/03\/cropped-fast_original_logo.png","contentUrl":"https:\/\/fastoriginal.eu\/wp-content\/uploads\/2026\/03\/cropped-fast_original_logo.png","width":500,"height":167,"caption":"FAST Original"},"image":{"@id":"https:\/\/fastoriginal.eu\/#\/schema\/logo\/image\/"},"sameAs":["https:\/\/www.facebook.com\/fastoriginal","https:\/\/www.youtube.com\/@buskana-vankingcelkargroup8830","https:\/\/www.linkedin.com\/showcase\/fast-be-sure\/"],"numberOfEmployees":{"@type":"QuantitativeValue","minValue":"201","maxValue":"500"}}]}},"_links":{"self":[{"href":"https:\/\/fastoriginal.eu\/en\/wp-json\/wp\/v2\/pages\/4342","targetHints":{"allow":["GET"]}}],"collection":[{"href":"https:\/\/fastoriginal.eu\/en\/wp-json\/wp\/v2\/pages"}],"about":[{"href":"https:\/\/fastoriginal.eu\/en\/wp-json\/wp\/v2\/types\/page"}],"author":[{"embeddable":true,"href":"https:\/\/fastoriginal.eu\/en\/wp-json\/wp\/v2\/users\/1"}],"replies":[{"embeddable":true,"href":"https:\/\/fastoriginal.eu\/en\/wp-json\/wp\/v2\/comments?post=4342"}],"version-history":[{"count":1,"href":"https:\/\/fastoriginal.eu\/en\/wp-json\/wp\/v2\/pages\/4342\/revisions"}],"predecessor-version":[{"id":4343,"href":"https:\/\/fastoriginal.eu\/en\/wp-json\/wp\/v2\/pages\/4342\/revisions\/4343"}],"wp:attachment":[{"href":"https:\/\/fastoriginal.eu\/en\/wp-json\/wp\/v2\/media?parent=4342"}],"curies":[{"name":"wp","href":"https:\/\/api.w.org\/{rel}","templated":true}]}}